{"id":121,"date":"2023-01-16T20:13:59","date_gmt":"2023-01-16T20:13:59","guid":{"rendered":"https:\/\/renewhost.com.br\/bentomar\/?page_id=121"},"modified":"2023-05-10T13:27:45","modified_gmt":"2023-05-10T13:27:45","slug":"representantes","status":"publish","type":"page","link":"https:\/\/bentomar.com.br\/v1\/representantes\/","title":{"rendered":"Representantes"},"content":{"rendered":"\n<p>Encontre um representante perto de voc\u00ea!<\/p>\n\n\n\n<figure class=\"wp-block-table\"><table><tbody><tr><td>Localiza\u00e7\u00e3o<\/td><td>Nome<\/td><td>Telefone<\/td><td>E-mail<\/td><\/tr><tr><td>S\u00e3o Paulo &#8211; ABC\/Oeste\/Sul<\/td><td>ARLINDO HAYAKAWA<\/td><td>Cel: 11 96789-7547<\/td><td><a href=\"mailto:arlindoh@bol.com.br\">arlindoh@bol.com.br<\/a><\/td><\/tr><tr><td>S\u00c3O PAULO \u2013 ZONA LESTE<\/td><td>P\u00c2MELLA SANTOS<\/td><td>Cel: 11 98228-5313<\/td><td><a href=\"mailto:pamclaudino@hotmail.com\">pamclaudino@hotmail.com<\/a><\/td><\/tr><tr><td>S\u00c3O PAULO \u2013 INTERIOR<\/td><td>ADALBERTO QUINALIA<\/td><td>Cel: 19 99607-6700<\/td><td><a href=\"mailto:adalberto.quinalia@yahoo.com\">adalberto.quinalia@yahoo.com<\/a><\/td><\/tr><tr><td>S\u00c3O PAULO \u2013 INTERIOR<\/td><td>LUIZ FIN\u00c3O<\/td><td>Cel: 16 99122-0773<\/td><td><a href=\"mailto:finaofc@gmail.com\">finaofc@gmail.com<\/a><\/td><\/tr><tr><td>S\u00c3O PAULO \u2013 INTERIOR<\/td><td>GIOVANI NICOLAU<\/td><td>Cel: 16 99702-5365<\/td><td><a href=\"mailto:giovaninicolau@uol.com.br\">giovaninicolau@uol.com.br<\/a><\/td><\/tr><tr><td><\/td><td><\/td><td><\/td><td><\/td><\/tr><tr><td>MINAS GERAIS<\/td><td>JANIO JAIR<\/td><td>Cel: 31 9411-0028<\/td><td><a href=\"mailto:janiojair@hotmail.com\">janiojair@hotmail.com<\/a><\/td><\/tr><tr><td>MINAS GERAIS<\/td><td>MAPRI \u2013 MINAS<\/td><td>Cel: 37 9961-3158<\/td><td><a href=\"mailto:representacoes@mapriminas.com.br\">representacoes@mapriminas.com.br<\/a><\/td><\/tr><tr><td>RIO DE JANEIRO<\/td><td>LIVIA OLIVEIRA<\/td><td>Cel: 11 94259-3848<\/td><td><a href=\"mailto:livia.oliveira@bentomar.com.br\">livia.oliveira@bentomar.com.br<\/a><\/td><\/tr><tr><td>PARAN\u00c1<\/td><td>JEFERSON MOREIRA<\/td><td>Cel: 47 9978-7777<\/td><td><a href=\"mailto:comercial@vrmetais.com.br\"><a href=\"mailto:jeferson@jmsolucoes.ind.br\" target=\"_blank\" rel=\"noreferrer noopener\">jeferson@jmsolucoes.ind.br<\/a><\/a><\/td><\/tr><tr><td>PARAN\u00c1<\/td><td>PAULO BATAIER<\/td><td>Cel: 16 99230-2120<\/td><td><a href=\"mailto:rcpaulobataier@gmail.com\">rcpaulobataier@gmail.com<\/a><\/td><\/tr><tr><td>SANTA CATARINA<\/td><td>JEFERSON MOREIRA<\/td><td>Cel: 47 9978-7777<\/td><td><a href=\"mailto:comercial@vrmetais.com.br\"><a href=\"mailto:jeferson@jmsolucoes.ind.br\" target=\"_blank\" rel=\"noreferrer noopener\">jeferson@jmsolucoes.ind.br<\/a><\/a><\/td><\/tr><tr><td>SANTA CATARINA<\/td><td>DIOGO MARINO<\/td><td>Cel: 11 99777-3706<\/td><td><a href=\"mailto:comercial@vrmetais.com.br\"><a href=\"mailto:diogo.marinho@bentomar.com.br\" target=\"_blank\" rel=\"noreferrer noopener\">diogo.marinho@bentomar.com.br<\/a><\/a><\/td><\/tr><tr><td><\/td><td><\/td><td><\/td><td><\/td><\/tr><tr><td>OUTRAS REGI\u00d5ES<\/td><td>ATENDIMENTO DIRETO<\/td><td>11&nbsp;2721-2719<\/td><td><a href=\"mailto:vendas@bentomar.com.br\">vendas@bentomar.com.br<\/a><\/td><\/tr><\/tbody><\/table><figcaption class=\"wp-element-caption\">Encontre um representante perto de voc\u00ea!<\/figcaption><\/figure>\n\n\n\n<h2 class=\"wp-block-heading\">T\u00e9cnicos<\/h2>\n\n\n\n<figure class=\"wp-block-table\"><table><tbody><tr><td>T\u00e9cnico<\/td><td>Telefone<\/td><td>E-mail<\/td><\/tr><tr><td>DIOGO MARINO<\/td><td>Cel: 11 99777-3706<\/td><td>diogo.marinho@bentomar.com.br<\/td><\/tr><tr><td>LUIZ FIN\u00c3O<\/td><td>Cel: 16 99122-0773<\/td><td>finaofc@gmail.com<\/td><\/tr><\/tbody><\/table><\/figure>\n","protected":false},"excerpt":{"rendered":"<p>Encontre um representante perto de voc\u00ea! Localiza\u00e7\u00e3o Nome Telefone E-mail S\u00e3o Paulo &#8211; ABC\/Oeste\/Sul ARLINDO HAYAKAWA Cel: 11 96789-7547 arlindoh@bol.com.br S\u00c3O PAULO \u2013 ZONA LESTE P\u00c2MELLA SANTOS Cel: 11 98228-5313 pamclaudino@hotmail.com S\u00c3O PAULO \u2013 INTERIOR ADALBERTO QUINALIA Cel: 19 99607-6700 adalberto.quinalia@yahoo.com S\u00c3O PAULO \u2013 INTERIOR LUIZ FIN\u00c3O Cel: 16 99122-0773 finaofc@gmail.com S\u00c3O PAULO \u2013 INTERIOR [&hellip;]<\/p>\n","protected":false},"author":1,"featured_media":0,"parent":0,"menu_order":0,"comment_status":"closed","ping_status":"closed","template":"","meta":{"footnotes":""},"class_list":["post-121","page","type-page","status-publish","hentry"],"_links":{"self":[{"href":"https:\/\/bentomar.com.br\/v1\/wp-json\/wp\/v2\/pages\/121","targetHints":{"allow":["GET"]}}],"collection":[{"href":"https:\/\/bentomar.com.br\/v1\/wp-json\/wp\/v2\/pages"}],"about":[{"href":"https:\/\/bentomar.com.br\/v1\/wp-json\/wp\/v2\/types\/page"}],"author":[{"embeddable":true,"href":"https:\/\/bentomar.com.br\/v1\/wp-json\/wp\/v2\/users\/1"}],"replies":[{"embeddable":true,"href":"https:\/\/bentomar.com.br\/v1\/wp-json\/wp\/v2\/comments?post=121"}],"version-history":[{"count":2,"href":"https:\/\/bentomar.com.br\/v1\/wp-json\/wp\/v2\/pages\/121\/revisions"}],"predecessor-version":[{"id":164,"href":"https:\/\/bentomar.com.br\/v1\/wp-json\/wp\/v2\/pages\/121\/revisions\/164"}],"wp:attachment":[{"href":"https:\/\/bentomar.com.br\/v1\/wp-json\/wp\/v2\/media?parent=121"}],"curies":[{"name":"wp","href":"https:\/\/api.w.org\/{rel}","templated":true}]}}