{"id":171,"date":"2025-03-18T02:36:26","date_gmt":"2025-03-18T02:36:26","guid":{"rendered":"https:\/\/bentomar.com.br\/v1\/?page_id=171"},"modified":"2025-03-18T02:49:31","modified_gmt":"2025-03-18T02:49:31","slug":"manual-de-fornecedores","status":"publish","type":"page","link":"https:\/\/bentomar.com.br\/v1\/manual-de-fornecedores\/","title":{"rendered":"Manual de Fornecedores"},"content":{"rendered":"\n<p>Este manual foi desenvolvido pela BENTOMAR IND\u00daSTRIA E COM\u00c9RCIO DE MIN\u00c9RIOS LTDA<br \/>com a finalidade de orientar os seus provedores quanto aos requisitos m\u00ednimos de Qualidade,<br \/>necess\u00e1rios para o fornecimento de itens e\/ou presta\u00e7\u00e3o de servi\u00e7os.<\/p>\n\n<ul>\n<li><a title=\"Clique Aqui para Obter o PDF\" href=\"https:\/\/bentomar.com.br\/v1\/wp-content\/uploads\/2025\/03\/P.S.B.-032-MANUAL-DO-FORNECEDOR-REV.-000-1.pdf\">MANUAL-DO-FORNECEDOR-REV.-000-1<\/a><\/li>\n<\/ul>\n","protected":false},"excerpt":{"rendered":"<p>Este manual foi desenvolvido pela BENTOMAR IND\u00daSTRIA E COM\u00c9RCIO DE MIN\u00c9RIOS LTDAcom a finalidade de orientar os seus provedores quanto aos requisitos m\u00ednimos de Qualidade,necess\u00e1rios para o fornecimento de itens e\/ou presta\u00e7\u00e3o de servi\u00e7os. MANUAL-DO-FORNECEDOR-REV.-000-1<\/p>\n","protected":false},"author":2,"featured_media":0,"parent":0,"menu_order":0,"comment_status":"closed","ping_status":"closed","template":"","meta":{"footnotes":""},"class_list":["post-171","page","type-page","status-publish","hentry"],"_links":{"self":[{"href":"https:\/\/bentomar.com.br\/v1\/wp-json\/wp\/v2\/pages\/171","targetHints":{"allow":["GET"]}}],"collection":[{"href":"https:\/\/bentomar.com.br\/v1\/wp-json\/wp\/v2\/pages"}],"about":[{"href":"https:\/\/bentomar.com.br\/v1\/wp-json\/wp\/v2\/types\/page"}],"author":[{"embeddable":true,"href":"https:\/\/bentomar.com.br\/v1\/wp-json\/wp\/v2\/users\/2"}],"replies":[{"embeddable":true,"href":"https:\/\/bentomar.com.br\/v1\/wp-json\/wp\/v2\/comments?post=171"}],"version-history":[{"count":5,"href":"https:\/\/bentomar.com.br\/v1\/wp-json\/wp\/v2\/pages\/171\/revisions"}],"predecessor-version":[{"id":183,"href":"https:\/\/bentomar.com.br\/v1\/wp-json\/wp\/v2\/pages\/171\/revisions\/183"}],"wp:attachment":[{"href":"https:\/\/bentomar.com.br\/v1\/wp-json\/wp\/v2\/media?parent=171"}],"curies":[{"name":"wp","href":"https:\/\/api.w.org\/{rel}","templated":true}]}}