{"id":195,"date":"2025-05-05T13:20:45","date_gmt":"2025-05-05T13:20:45","guid":{"rendered":"https:\/\/bentomar.com.br\/v1\/?page_id=195"},"modified":"2025-05-05T13:58:28","modified_gmt":"2025-05-05T13:58:28","slug":"codigo-de-conduta","status":"publish","type":"page","link":"https:\/\/bentomar.com.br\/v1\/codigo-de-conduta\/","title":{"rendered":"C\u00f3digo de Conduta"},"content":{"rendered":"\t\t<div data-elementor-type=\"wp-page\" data-elementor-id=\"195\" class=\"elementor elementor-195\">\n\t\t\t\t\t\t\t\t\t<section class=\"elementor-section elementor-top-section elementor-element elementor-element-f6ed7ee elementor-section-boxed elementor-section-height-default elementor-section-height-default\" data-id=\"f6ed7ee\" data-element_type=\"section\">\n\t\t\t\t\t\t<div class=\"elementor-container elementor-column-gap-default\">\n\t\t\t\t\t<div class=\"elementor-column elementor-col-100 elementor-top-column elementor-element elementor-element-007e031\" data-id=\"007e031\" data-element_type=\"column\">\n\t\t\t<div class=\"elementor-widget-wrap elementor-element-populated\">\n\t\t\t\t\t\t\t\t<div class=\"elementor-element elementor-element-8e5622f elementor-widget elementor-widget-text-editor\" data-id=\"8e5622f\" data-element_type=\"widget\" data-widget_type=\"text-editor.default\">\n\t\t\t\t<div class=\"elementor-widget-container\">\n\t\t\t<style>\/*! elementor - v3.6.6 - 08-06-2022 *\/\n.elementor-widget-text-editor.elementor-drop-cap-view-stacked .elementor-drop-cap{background-color:#818a91;color:#fff}.elementor-widget-text-editor.elementor-drop-cap-view-framed .elementor-drop-cap{color:#818a91;border:3px solid;background-color:transparent}.elementor-widget-text-editor:not(.elementor-drop-cap-view-default) .elementor-drop-cap{margin-top:8px}.elementor-widget-text-editor:not(.elementor-drop-cap-view-default) .elementor-drop-cap-letter{width:1em;height:1em}.elementor-widget-text-editor .elementor-drop-cap{float:left;text-align:center;line-height:1;font-size:50px}.elementor-widget-text-editor .elementor-drop-cap-letter{display:inline-block}<\/style>\t\t\t\t<h6>Este c\u00f3digo foi criado para ajudar nossos colaboradores a fazer as escolhas certas na condu\u00e7\u00e3o dos neg\u00f3cios da Empresa. Ele destaca o que nossos clientes, fornecedores, colegas e as empresas do grupo, onde operamos, esperam de n\u00f3s e o que devemos esperar de n\u00f3s mesmos.<\/h6><ul><li><h6><a href=\"https:\/\/bentomar.com.br\/v1\/wp-content\/uploads\/2025\/05\/Codigo-de-conduta.pdf\"><u>C\u00f3digo de conduta<\/u><\/a><\/h6><\/li><\/ul>\t\t\t\t\t\t<\/div>\n\t\t\t\t<\/div>\n\t\t\t\t\t<\/div>\n\t\t<\/div>\n\t\t\t\t\t\t\t<\/div>\n\t\t<\/section>\n\t\t\t\t\t\t\t<\/div>\n\t\t","protected":false},"excerpt":{"rendered":"<p>Este c\u00f3digo foi criado para ajudar nossos colaboradores a fazer as escolhas certas na condu\u00e7\u00e3o dos neg\u00f3cios da Empresa. Ele destaca o que nossos clientes, fornecedores, colegas e as empresas do grupo, onde operamos, esperam de n\u00f3s e o que devemos esperar de n\u00f3s mesmos. C\u00f3digo de conduta<\/p>\n","protected":false},"author":2,"featured_media":0,"parent":0,"menu_order":0,"comment_status":"closed","ping_status":"closed","template":"","meta":{"footnotes":""},"class_list":["post-195","page","type-page","status-publish","hentry"],"_links":{"self":[{"href":"https:\/\/bentomar.com.br\/v1\/wp-json\/wp\/v2\/pages\/195","targetHints":{"allow":["GET"]}}],"collection":[{"href":"https:\/\/bentomar.com.br\/v1\/wp-json\/wp\/v2\/pages"}],"about":[{"href":"https:\/\/bentomar.com.br\/v1\/wp-json\/wp\/v2\/types\/page"}],"author":[{"embeddable":true,"href":"https:\/\/bentomar.com.br\/v1\/wp-json\/wp\/v2\/users\/2"}],"replies":[{"embeddable":true,"href":"https:\/\/bentomar.com.br\/v1\/wp-json\/wp\/v2\/comments?post=195"}],"version-history":[{"count":9,"href":"https:\/\/bentomar.com.br\/v1\/wp-json\/wp\/v2\/pages\/195\/revisions"}],"predecessor-version":[{"id":229,"href":"https:\/\/bentomar.com.br\/v1\/wp-json\/wp\/v2\/pages\/195\/revisions\/229"}],"wp:attachment":[{"href":"https:\/\/bentomar.com.br\/v1\/wp-json\/wp\/v2\/media?parent=195"}],"curies":[{"name":"wp","href":"https:\/\/api.w.org\/{rel}","templated":true}]}}