{"id":43,"date":"2022-06-22T15:14:22","date_gmt":"2022-06-22T15:14:22","guid":{"rendered":"https:\/\/renewhost.com.br\/bentomar\/?page_id=43"},"modified":"2023-05-10T13:18:27","modified_gmt":"2023-05-10T13:18:27","slug":"areia-shell","status":"publish","type":"page","link":"https:\/\/bentomar.com.br\/v1\/areia-shell\/","title":{"rendered":"Areia Shell"},"content":{"rendered":"\n<figure class=\"wp-block-image size-large\"><img loading=\"lazy\" decoding=\"async\" width=\"1024\" height=\"236\" src=\"https:\/\/renewhost.com.br\/bentomar\/wp-content\/uploads\/2022\/06\/areia_shell_produtos-1024x236.jpg\" alt=\"\" class=\"wp-image-44\" srcset=\"https:\/\/bentomar.com.br\/v1\/wp-content\/uploads\/2022\/06\/areia_shell_produtos-1024x236.jpg 1024w, https:\/\/bentomar.com.br\/v1\/wp-content\/uploads\/2022\/06\/areia_shell_produtos-300x69.jpg 300w, https:\/\/bentomar.com.br\/v1\/wp-content\/uploads\/2022\/06\/areia_shell_produtos-768x177.jpg 768w, https:\/\/bentomar.com.br\/v1\/wp-content\/uploads\/2022\/06\/areia_shell_produtos.jpg 1093w\" sizes=\"auto, (max-width: 1024px) 100vw, 1024px\" \/><\/figure>\n\n\n\n<h4 class=\"wp-block-heading\"><strong><mark style=\"background-color:rgba(0, 0, 0, 0)\" class=\"has-inline-color has-vivid-green-cyan-color\">Areia para o processo Shell Molding<\/mark><\/strong><\/h4>\n\n\n\n<p>Areia coberta atrav\u00e9s do processo Shell Molding que cont\u00e9m granulometria e diversos teores de resinas, adequados \u00e0s cascas e machos para cada tipo de pe\u00e7a fundida de metais ferrosos e n\u00e3o ferrosos.<br>Podendo ser adicionado aditivos e aromatizantes.<\/p>\n\n\n\n<h4 class=\"wp-block-heading\"><strong><mark style=\"background-color:rgba(0, 0, 0, 0)\" class=\"has-inline-color has-vivid-green-cyan-color\">Areia Base<\/mark><\/strong><\/h4>\n\n\n\n<p>Mineral quartzoso que tem em sua composi\u00e7\u00e3o 99,0% de SiO2, sendo lavada para a retirada de argila e outras impurezas, com classifica\u00e7\u00e3o granulom\u00e9trica definida.<\/p>\n","protected":false},"excerpt":{"rendered":"<p>Areia para o processo Shell Molding Areia coberta atrav\u00e9s do processo Shell Molding que cont\u00e9m granulometria e diversos teores de resinas, adequados \u00e0s cascas e machos para cada tipo de pe\u00e7a fundida de metais ferrosos e n\u00e3o ferrosos.Podendo ser adicionado aditivos e aromatizantes. Areia Base Mineral quartzoso que tem em sua composi\u00e7\u00e3o 99,0% de SiO2, [&hellip;]<\/p>\n","protected":false},"author":1,"featured_media":0,"parent":0,"menu_order":0,"comment_status":"closed","ping_status":"closed","template":"","meta":{"footnotes":""},"class_list":["post-43","page","type-page","status-publish","hentry"],"_links":{"self":[{"href":"https:\/\/bentomar.com.br\/v1\/wp-json\/wp\/v2\/pages\/43","targetHints":{"allow":["GET"]}}],"collection":[{"href":"https:\/\/bentomar.com.br\/v1\/wp-json\/wp\/v2\/pages"}],"about":[{"href":"https:\/\/bentomar.com.br\/v1\/wp-json\/wp\/v2\/types\/page"}],"author":[{"embeddable":true,"href":"https:\/\/bentomar.com.br\/v1\/wp-json\/wp\/v2\/users\/1"}],"replies":[{"embeddable":true,"href":"https:\/\/bentomar.com.br\/v1\/wp-json\/wp\/v2\/comments?post=43"}],"version-history":[{"count":3,"href":"https:\/\/bentomar.com.br\/v1\/wp-json\/wp\/v2\/pages\/43\/revisions"}],"predecessor-version":[{"id":159,"href":"https:\/\/bentomar.com.br\/v1\/wp-json\/wp\/v2\/pages\/43\/revisions\/159"}],"wp:attachment":[{"href":"https:\/\/bentomar.com.br\/v1\/wp-json\/wp\/v2\/media?parent=43"}],"curies":[{"name":"wp","href":"https:\/\/api.w.org\/{rel}","templated":true}]}}