{"id":57,"date":"2023-01-15T21:58:08","date_gmt":"2023-01-15T21:58:08","guid":{"rendered":"https:\/\/renewhost.com.br\/bentomar\/?page_id=57"},"modified":"2023-01-15T22:06:29","modified_gmt":"2023-01-15T22:06:29","slug":"luvas-exotermicas-e-isolantes","status":"publish","type":"page","link":"https:\/\/bentomar.com.br\/v1\/luvas-exotermicas-e-isolantes\/","title":{"rendered":"Luvas Exot\u00e9rmicas e Isolantes"},"content":{"rendered":"\n<figure class=\"wp-block-image size-full\"><img loading=\"lazy\" decoding=\"async\" width=\"851\" height=\"358\" src=\"https:\/\/renewhost.com.br\/bentomar\/wp-content\/uploads\/2022\/06\/luvas-slide.jpg\" alt=\"\" class=\"wp-image-38\" srcset=\"https:\/\/bentomar.com.br\/v1\/wp-content\/uploads\/2022\/06\/luvas-slide.jpg 851w, https:\/\/bentomar.com.br\/v1\/wp-content\/uploads\/2022\/06\/luvas-slide-300x126.jpg 300w, https:\/\/bentomar.com.br\/v1\/wp-content\/uploads\/2022\/06\/luvas-slide-768x323.jpg 768w\" sizes=\"auto, (max-width: 851px) 100vw, 851px\" \/><\/figure>\n\n\n\n<p><strong>ISOMAR:<br><\/strong>S\u00e3o luvas produzidas com material de alta propriedade de isola\u00e7\u00e3o destinada a pe\u00e7as fundidas de grande porte, em ferro, a\u00e7o e n\u00e3o ferrosos.<\/p>\n\n\n\n<p><strong>Exomar 10:<\/strong><br>S\u00e3o luvas altamente exot\u00e9rmicas, indicadas para pe\u00e7as pequenas em ferro, a\u00e7o e n\u00e3o ferrosos.<\/p>\n\n\n\n<p>Onde \u00e9 exigido maior exotermia, mantendo a temperatura constante, dando melhor escoamento em tempo h\u00e1bil at\u00e9 o enchimento e contra\u00e7\u00e3o total da pe\u00e7a, evitando rechupe.<\/p>\n\n\n\n<p><strong>Exomar 5:<\/strong><br>S\u00e3o luvas exot\u00e9rmicas e isolantes, indicadas para pe\u00e7as pequenas, m\u00e9dias e grandes.<\/p>\n\n\n\n<p>Fundidas em ferro, a\u00e7o e n\u00e3o ferrosos, devido sua propriedade isolante ap\u00f3s a reatividade da mesma.<\/p>\n\n\n\n<p>Luvas Exot\u00e9rmicas e Isolantes, s\u00e3o produzidas nas seguintes formas:<\/p>\n\n\n\n<p>\u00b7&nbsp;&nbsp;&nbsp;&nbsp;&nbsp;&nbsp;&nbsp;&nbsp;&nbsp;Luva Insert;<\/p>\n\n\n\n<p>\u00b7&nbsp;&nbsp;&nbsp;&nbsp;&nbsp;&nbsp;&nbsp;&nbsp;&nbsp;Luva Cil\u00edndrica Aberta;<\/p>\n\n\n\n<p>\u00b7&nbsp;&nbsp;&nbsp;&nbsp;&nbsp;&nbsp;&nbsp;&nbsp;&nbsp;Luva Oval Paralela Aberta ou Fechada;<\/p>\n\n\n\n<p>\u00b7&nbsp;&nbsp;&nbsp;&nbsp;&nbsp;&nbsp;&nbsp;&nbsp;&nbsp;Luva Oval C\u00f4nica;<\/p>\n\n\n\n<p>\u00b7&nbsp;&nbsp;&nbsp;&nbsp;&nbsp;&nbsp;&nbsp;&nbsp;&nbsp;Luva Neck Down;<\/p>\n\n\n\n<p>\u00b7&nbsp;&nbsp;&nbsp;&nbsp;&nbsp;&nbsp;&nbsp;&nbsp;&nbsp;Luva Copo vazamento;<\/p>\n\n\n\n<p>\u00b7&nbsp;&nbsp;&nbsp;&nbsp;&nbsp;&nbsp;&nbsp;&nbsp;&nbsp;Luva Esf\u00e9rica;<\/p>\n\n\n\n<p>\u00b7\u00a0\u00a0\u00a0\u00a0\u00a0\u00a0\u00a0\u00a0\u00a0Luva com dimens\u00f5es, e\/ou, formatos especiais conforme necessidade do cliente.<\/p>\n\n\n\n<div class=\"wp-block-buttons is-layout-flex wp-block-buttons-is-layout-flex\">\n<div class=\"wp-block-button\"><a class=\"wp-block-button__link has-white-color has-vivid-green-cyan-background-color has-text-color has-background wp-element-button\" href=\"\" target=\"_blank\" rel=\"noreferrer noopener\"><strong>Baixe agora nosso cat\u00e1logo de Luvas<\/strong><\/a><\/div>\n<\/div>\n\n\n\n<div data-wp-interactive=\"core\/file\" class=\"wp-block-file\"><object data-wp-bind--hidden=\"!state.hasPdfPreview\" hidden class=\"wp-block-file__embed\" data=\"https:\/\/renewhost.com.br\/bentomar\/wp-content\/uploads\/2023\/01\/Catalogo-de-Luvas-1.pdf\" type=\"application\/pdf\" style=\"width:100%;height:600px\" aria-label=\"Incorporado de Cat\u00e1logo de Luvas (1).\"><\/object><a id=\"wp-block-file--media-5afe80b1-008d-4ef3-af61-06f1bf1d3187\" href=\"https:\/\/renewhost.com.br\/bentomar\/wp-content\/uploads\/2023\/01\/Catalogo-de-Luvas-1.pdf\">Cat\u00e1logo de Luvas (1)<\/a><a href=\"https:\/\/renewhost.com.br\/bentomar\/wp-content\/uploads\/2023\/01\/Catalogo-de-Luvas-1.pdf\" class=\"wp-block-file__button wp-element-button\" download aria-describedby=\"wp-block-file--media-5afe80b1-008d-4ef3-af61-06f1bf1d3187\">Baixar<\/a><\/div>\n","protected":false},"excerpt":{"rendered":"<p>ISOMAR:S\u00e3o luvas produzidas com material de alta propriedade de isola\u00e7\u00e3o destinada a pe\u00e7as fundidas de grande porte, em ferro, a\u00e7o e n\u00e3o ferrosos. Exomar 10:S\u00e3o luvas altamente exot\u00e9rmicas, indicadas para pe\u00e7as pequenas em ferro, a\u00e7o e n\u00e3o ferrosos. Onde \u00e9 exigido maior exotermia, mantendo a temperatura constante, dando melhor escoamento em tempo h\u00e1bil at\u00e9 o [&hellip;]<\/p>\n","protected":false},"author":1,"featured_media":0,"parent":0,"menu_order":0,"comment_status":"closed","ping_status":"closed","template":"","meta":{"footnotes":""},"class_list":["post-57","page","type-page","status-publish","hentry"],"_links":{"self":[{"href":"https:\/\/bentomar.com.br\/v1\/wp-json\/wp\/v2\/pages\/57","targetHints":{"allow":["GET"]}}],"collection":[{"href":"https:\/\/bentomar.com.br\/v1\/wp-json\/wp\/v2\/pages"}],"about":[{"href":"https:\/\/bentomar.com.br\/v1\/wp-json\/wp\/v2\/types\/page"}],"author":[{"embeddable":true,"href":"https:\/\/bentomar.com.br\/v1\/wp-json\/wp\/v2\/users\/1"}],"replies":[{"embeddable":true,"href":"https:\/\/bentomar.com.br\/v1\/wp-json\/wp\/v2\/comments?post=57"}],"version-history":[{"count":3,"href":"https:\/\/bentomar.com.br\/v1\/wp-json\/wp\/v2\/pages\/57\/revisions"}],"predecessor-version":[{"id":77,"href":"https:\/\/bentomar.com.br\/v1\/wp-json\/wp\/v2\/pages\/57\/revisions\/77"}],"wp:attachment":[{"href":"https:\/\/bentomar.com.br\/v1\/wp-json\/wp\/v2\/media?parent=57"}],"curies":[{"name":"wp","href":"https:\/\/api.w.org\/{rel}","templated":true}]}}