{"id":78,"date":"2023-01-15T22:28:56","date_gmt":"2023-01-15T22:28:56","guid":{"rendered":"https:\/\/renewhost.com.br\/bentomar\/?page_id=78"},"modified":"2023-01-15T22:29:01","modified_gmt":"2023-01-15T22:29:01","slug":"po-exotermico","status":"publish","type":"page","link":"https:\/\/bentomar.com.br\/v1\/po-exotermico\/","title":{"rendered":"P\u00f3 Exot\u00e9rmico"},"content":{"rendered":"\n<p>Utilizado como cobertura (protetor t\u00e9rmico ) para massalotes, com a finalidade de aumentar a efici\u00eancia de alimenta\u00e7\u00e3o.<strong><\/strong><\/p>\n\n\n\n<p>\u00b7&nbsp;&nbsp;&nbsp;&nbsp;&nbsp;&nbsp;&nbsp;&nbsp;&nbsp;P\u00f3 Exot\u00e9rmico Expansivo;<\/p>\n\n\n\n<p>\u00b7&nbsp;&nbsp;&nbsp;&nbsp;&nbsp;&nbsp;&nbsp;&nbsp;&nbsp;P\u00f3 Exot\u00e9rmico Isolante.<\/p>\n","protected":false},"excerpt":{"rendered":"<p>Utilizado como cobertura (protetor t\u00e9rmico ) para massalotes, com a finalidade de aumentar a efici\u00eancia de alimenta\u00e7\u00e3o. \u00b7&nbsp;&nbsp;&nbsp;&nbsp;&nbsp;&nbsp;&nbsp;&nbsp;&nbsp;P\u00f3 Exot\u00e9rmico Expansivo; \u00b7&nbsp;&nbsp;&nbsp;&nbsp;&nbsp;&nbsp;&nbsp;&nbsp;&nbsp;P\u00f3 Exot\u00e9rmico Isolante.<\/p>\n","protected":false},"author":1,"featured_media":0,"parent":0,"menu_order":0,"comment_status":"closed","ping_status":"closed","template":"","meta":{"footnotes":""},"class_list":["post-78","page","type-page","status-publish","hentry"],"_links":{"self":[{"href":"https:\/\/bentomar.com.br\/v1\/wp-json\/wp\/v2\/pages\/78","targetHints":{"allow":["GET"]}}],"collection":[{"href":"https:\/\/bentomar.com.br\/v1\/wp-json\/wp\/v2\/pages"}],"about":[{"href":"https:\/\/bentomar.com.br\/v1\/wp-json\/wp\/v2\/types\/page"}],"author":[{"embeddable":true,"href":"https:\/\/bentomar.com.br\/v1\/wp-json\/wp\/v2\/users\/1"}],"replies":[{"embeddable":true,"href":"https:\/\/bentomar.com.br\/v1\/wp-json\/wp\/v2\/comments?post=78"}],"version-history":[{"count":1,"href":"https:\/\/bentomar.com.br\/v1\/wp-json\/wp\/v2\/pages\/78\/revisions"}],"predecessor-version":[{"id":79,"href":"https:\/\/bentomar.com.br\/v1\/wp-json\/wp\/v2\/pages\/78\/revisions\/79"}],"wp:attachment":[{"href":"https:\/\/bentomar.com.br\/v1\/wp-json\/wp\/v2\/media?parent=78"}],"curies":[{"name":"wp","href":"https:\/\/api.w.org\/{rel}","templated":true}]}}