{"id":80,"date":"2023-01-15T22:32:05","date_gmt":"2023-01-15T22:32:05","guid":{"rendered":"https:\/\/renewhost.com.br\/bentomar\/?page_id=80"},"modified":"2023-01-15T22:32:59","modified_gmt":"2023-01-15T22:32:59","slug":"tintas","status":"publish","type":"page","link":"https:\/\/bentomar.com.br\/v1\/tintas\/","title":{"rendered":"Tintas"},"content":{"rendered":"\n<p>Tintas utilizadas em moldagem e macharia de todos os processos a base de \u00e1gua e \u00e1lcool<\/p>\n\n\n\n<p><strong>Tintas Sol\u00faveis em \u00c1gua<\/strong><\/p>\n\n\n\n<p><strong>Linha Geomar:<\/strong><\/p>\n\n\n\n<p>Revestimento refrat\u00e1rio para melhorar o acabamento superficial das pe\u00e7as utilizada em fundi\u00e7\u00e3o de ferro, a\u00e7o e n\u00e3o ferrosos.<\/p>\n\n\n\n<p>Produzidas nas seguintes cargas refrat\u00e1rias:<\/p>\n\n\n\n<p>\u00b7&nbsp;&nbsp;&nbsp;&nbsp;&nbsp;&nbsp;&nbsp;&nbsp;&nbsp;Zirconita;<\/p>\n\n\n\n<p>\u00b7&nbsp;&nbsp;&nbsp;&nbsp;&nbsp;&nbsp;&nbsp;&nbsp;&nbsp;Grafite;<\/p>\n\n\n\n<p>\u00b7&nbsp;&nbsp;&nbsp;&nbsp;&nbsp;&nbsp;&nbsp;&nbsp;&nbsp;Silicato de Alum\u00ednio;<\/p>\n\n\n\n<p>\u00b7&nbsp;&nbsp;&nbsp;&nbsp;&nbsp;&nbsp;&nbsp;&nbsp;&nbsp;\u00d3xido de Alum\u00ednio;<\/p>\n\n\n\n<p>\u00b7&nbsp;&nbsp;&nbsp;&nbsp;&nbsp;&nbsp;&nbsp;&nbsp;&nbsp;Entre outras (tintas mistas).<\/p>\n\n\n\n<p>S\u00e3o fornecidas em diferentes processos de pinturas tais como: imers\u00e3o, spray, pincel e lavagem.<\/p>\n\n\n\n<p>Sendo fornecidas em pastas ou prontas para uso.<\/p>\n\n\n\n<p><strong>Tintas Sol\u00faveis em \u00c1lcool<\/strong><\/p>\n\n\n\n<p><strong>Linha Bentoflex:<\/strong><\/p>\n\n\n\n<p>Revestimento refrat\u00e1rio para melhorar o acabamento superficial das pe\u00e7as utilizada em fundi\u00e7\u00e3o de ferro, a\u00e7o e n\u00e3o ferrosos.<\/p>\n\n\n\n<p>Produzidas nas seguintes cargas refrat\u00e1rias:<\/p>\n\n\n\n<p>\u00b7&nbsp;&nbsp;&nbsp;&nbsp;&nbsp;&nbsp;&nbsp;&nbsp;&nbsp;Zirconita;<\/p>\n\n\n\n<p>\u00b7&nbsp;&nbsp;&nbsp;&nbsp;&nbsp;&nbsp;&nbsp;&nbsp;&nbsp;Grafite;<\/p>\n\n\n\n<p>\u00b7&nbsp;&nbsp;&nbsp;&nbsp;&nbsp;&nbsp;&nbsp;&nbsp;&nbsp;Silicato de Alum\u00ednio;<\/p>\n\n\n\n<p>\u00b7&nbsp;&nbsp;&nbsp;&nbsp;&nbsp;&nbsp;&nbsp;&nbsp;&nbsp;\u00d3xido de Alum\u00ednio;<\/p>\n\n\n\n<p>\u00b7&nbsp;&nbsp;&nbsp;&nbsp;&nbsp;&nbsp;&nbsp;&nbsp;&nbsp;Magnesita;<\/p>\n\n\n\n<p>\u00b7&nbsp;&nbsp;&nbsp;&nbsp;&nbsp;&nbsp;&nbsp;&nbsp;&nbsp;Entre outras (tintas mistas).<\/p>\n\n\n\n<p>S\u00e3o fornecidas em diferentes processos de pinturas tais como: imers\u00e3o, spray, pincel e lavagem.<\/p>\n\n\n\n<p>Sendo fornecidas em pastas&nbsp;ou prontas para uso.<\/p>\n\n\n\n<p><strong>Tintas para Pinturas de Ferramentas e Acess\u00f3rios<\/strong><\/p>\n\n\n\n<p><strong>Linha Dycor:<\/strong><\/p>\n\n\n\n<p>Tintas utilizadas para prote\u00e7\u00e3o de ferramental e para coquilha em fundi\u00e7\u00e3o de n\u00e3o ferrosos.<\/p>\n\n\n\n<p>\u00b7&nbsp;&nbsp;&nbsp;&nbsp;&nbsp;&nbsp;&nbsp;&nbsp;&nbsp;Tinta Refrat\u00e1ria;<\/p>\n\n\n\n<p>\u00b7&nbsp;&nbsp;&nbsp;&nbsp;&nbsp;&nbsp;&nbsp;&nbsp;&nbsp;Tinta Isolante;<\/p>\n\n\n\n<p>\u00b7&nbsp;&nbsp;&nbsp;&nbsp;&nbsp;&nbsp;&nbsp;&nbsp;&nbsp;Tinta Desmoldante.<\/p>\n\n\n\n<p><strong>Tintas para Fundidos Centrifugados<\/strong><br>Tinta para aplica\u00e7\u00e3o em moldes met\u00e1licos em fundi\u00e7\u00f5es por centrifuga\u00e7\u00e3o de ligas de cobre, ferro e a\u00e7o.<\/p>\n","protected":false},"excerpt":{"rendered":"<p>Tintas utilizadas em moldagem e macharia de todos os processos a base de \u00e1gua e \u00e1lcool Tintas Sol\u00faveis em \u00c1gua Linha Geomar: Revestimento refrat\u00e1rio para melhorar o acabamento superficial das pe\u00e7as utilizada em fundi\u00e7\u00e3o de ferro, a\u00e7o e n\u00e3o ferrosos. Produzidas nas seguintes cargas refrat\u00e1rias: \u00b7&nbsp;&nbsp;&nbsp;&nbsp;&nbsp;&nbsp;&nbsp;&nbsp;&nbsp;Zirconita; \u00b7&nbsp;&nbsp;&nbsp;&nbsp;&nbsp;&nbsp;&nbsp;&nbsp;&nbsp;Grafite; \u00b7&nbsp;&nbsp;&nbsp;&nbsp;&nbsp;&nbsp;&nbsp;&nbsp;&nbsp;Silicato de Alum\u00ednio; \u00b7&nbsp;&nbsp;&nbsp;&nbsp;&nbsp;&nbsp;&nbsp;&nbsp;&nbsp;\u00d3xido de Alum\u00ednio; \u00b7&nbsp;&nbsp;&nbsp;&nbsp;&nbsp;&nbsp;&nbsp;&nbsp;&nbsp;Entre outras [&hellip;]<\/p>\n","protected":false},"author":1,"featured_media":0,"parent":0,"menu_order":0,"comment_status":"closed","ping_status":"closed","template":"","meta":{"footnotes":""},"class_list":["post-80","page","type-page","status-publish","hentry"],"_links":{"self":[{"href":"https:\/\/bentomar.com.br\/v1\/wp-json\/wp\/v2\/pages\/80","targetHints":{"allow":["GET"]}}],"collection":[{"href":"https:\/\/bentomar.com.br\/v1\/wp-json\/wp\/v2\/pages"}],"about":[{"href":"https:\/\/bentomar.com.br\/v1\/wp-json\/wp\/v2\/types\/page"}],"author":[{"embeddable":true,"href":"https:\/\/bentomar.com.br\/v1\/wp-json\/wp\/v2\/users\/1"}],"replies":[{"embeddable":true,"href":"https:\/\/bentomar.com.br\/v1\/wp-json\/wp\/v2\/comments?post=80"}],"version-history":[{"count":1,"href":"https:\/\/bentomar.com.br\/v1\/wp-json\/wp\/v2\/pages\/80\/revisions"}],"predecessor-version":[{"id":81,"href":"https:\/\/bentomar.com.br\/v1\/wp-json\/wp\/v2\/pages\/80\/revisions\/81"}],"wp:attachment":[{"href":"https:\/\/bentomar.com.br\/v1\/wp-json\/wp\/v2\/media?parent=80"}],"curies":[{"name":"wp","href":"https:\/\/api.w.org\/{rel}","templated":true}]}}