{"id":82,"date":"2023-01-16T19:29:20","date_gmt":"2023-01-16T19:29:20","guid":{"rendered":"https:\/\/renewhost.com.br\/bentomar\/?page_id=82"},"modified":"2023-01-16T19:29:21","modified_gmt":"2023-01-16T19:29:21","slug":"regeneracao","status":"publish","type":"page","link":"https:\/\/bentomar.com.br\/v1\/regeneracao\/","title":{"rendered":"Regenera\u00e7\u00e3o"},"content":{"rendered":"\n<figure class=\"wp-block-image size-large\"><img loading=\"lazy\" decoding=\"async\" width=\"1024\" height=\"373\" src=\"https:\/\/renewhost.com.br\/bentomar\/wp-content\/uploads\/2023\/01\/regeneracao-1024x373.jpg\" alt=\"\" class=\"wp-image-83\" srcset=\"https:\/\/bentomar.com.br\/v1\/wp-content\/uploads\/2023\/01\/regeneracao-1024x373.jpg 1024w, https:\/\/bentomar.com.br\/v1\/wp-content\/uploads\/2023\/01\/regeneracao-300x109.jpg 300w, https:\/\/bentomar.com.br\/v1\/wp-content\/uploads\/2023\/01\/regeneracao-768x280.jpg 768w, https:\/\/bentomar.com.br\/v1\/wp-content\/uploads\/2023\/01\/regeneracao.jpg 1093w\" sizes=\"auto, (max-width: 1024px) 100vw, 1024px\" \/><\/figure>\n\n\n\n<p>Areia regenerada s\u00e3o res\u00edduos de Areia Shell Molding que atrav\u00e9s da queima elimina a resina, que cobre o gr\u00e3o de areia deixando-a em condi\u00e7\u00f5es favor\u00e1veis de utiliza\u00e7\u00e3o.<\/p>\n","protected":false},"excerpt":{"rendered":"<p>Areia regenerada s\u00e3o res\u00edduos de Areia Shell Molding que atrav\u00e9s da queima elimina a resina, que cobre o gr\u00e3o de areia deixando-a em condi\u00e7\u00f5es favor\u00e1veis de utiliza\u00e7\u00e3o.<\/p>\n","protected":false},"author":1,"featured_media":0,"parent":0,"menu_order":0,"comment_status":"closed","ping_status":"closed","template":"","meta":{"footnotes":""},"class_list":["post-82","page","type-page","status-publish","hentry"],"_links":{"self":[{"href":"https:\/\/bentomar.com.br\/v1\/wp-json\/wp\/v2\/pages\/82","targetHints":{"allow":["GET"]}}],"collection":[{"href":"https:\/\/bentomar.com.br\/v1\/wp-json\/wp\/v2\/pages"}],"about":[{"href":"https:\/\/bentomar.com.br\/v1\/wp-json\/wp\/v2\/types\/page"}],"author":[{"embeddable":true,"href":"https:\/\/bentomar.com.br\/v1\/wp-json\/wp\/v2\/users\/1"}],"replies":[{"embeddable":true,"href":"https:\/\/bentomar.com.br\/v1\/wp-json\/wp\/v2\/comments?post=82"}],"version-history":[{"count":1,"href":"https:\/\/bentomar.com.br\/v1\/wp-json\/wp\/v2\/pages\/82\/revisions"}],"predecessor-version":[{"id":84,"href":"https:\/\/bentomar.com.br\/v1\/wp-json\/wp\/v2\/pages\/82\/revisions\/84"}],"wp:attachment":[{"href":"https:\/\/bentomar.com.br\/v1\/wp-json\/wp\/v2\/media?parent=82"}],"curies":[{"name":"wp","href":"https:\/\/api.w.org\/{rel}","templated":true}]}}